{"id":3784,"date":"2023-09-23T08:57:46","date_gmt":"2023-09-23T08:57:46","guid":{"rendered":"https:\/\/medicosmetica.com\/cookie-richtlinie\/"},"modified":"2023-09-23T09:21:31","modified_gmt":"2023-09-23T09:21:31","slug":"cookie-richtlinie","status":"publish","type":"page","link":"https:\/\/medicosmetica.com\/de\/cookie-richtlinie\/","title":{"rendered":"Cookie-Richtlinie"},"content":{"rendered":"\n<p>Dies ist die Cookie-Richtlinie f\u00fcr Medicosmetica.com, zug\u00e4nglich \u00fcber https:\/\/medicosmetica.com\/<\/p>\n\n<p><strong>Was sind Cookies?<\/strong><\/p>\n\n<p>Wie bei fast allen professionellen Websites \u00fcblich, verwendet auch diese Website Cookies, d. h. kleine Dateien, die auf Ihren Computer heruntergeladen werden, um Ihre Erfahrung zu verbessern. Auf dieser Seite wird beschrieben, welche Informationen sie sammeln, wie wir sie verwenden und warum wir diese Cookies manchmal speichern m\u00fcssen. Wir teilen Ihnen auch mit, wie Sie die Speicherung dieser Cookies verhindern k\u00f6nnen, was jedoch zu einer Beeintr\u00e4chtigung oder zum Ausfall bestimmter Funktionen der Website f\u00fchren kann.<\/p>\n\n<p><strong>Wie wir Cookies verwenden<\/strong><\/p>\n\n<p>Wir verwenden Cookies aus einer Reihe von Gr\u00fcnden, die im Folgenden n\u00e4her erl\u00e4utert werden. Leider gibt es in den meisten F\u00e4llen keine branchen\u00fcblichen Optionen zur Deaktivierung von Cookies, ohne die Funktionen und Merkmale, die sie dieser Website hinzuf\u00fcgen, vollst\u00e4ndig zu deaktivieren. Es wird empfohlen, alle Cookies zuzulassen, wenn Sie sich nicht sicher sind, ob Sie sie ben\u00f6tigen oder nicht, falls sie zur Bereitstellung eines von Ihnen genutzten Dienstes verwendet werden.<\/p>\n\n<p><strong>Deaktivieren von Cookies<\/strong><\/p>\n\n<p>Sie k\u00f6nnen das Setzen von Cookies verhindern, indem Sie die Einstellungen Ihres Browsers anpassen (siehe dazu die Hilfe Ihres Browsers). Bitte beachten Sie, dass die Deaktivierung von Cookies die Funktionalit\u00e4t dieser und vieler anderer Websites, die Sie besuchen, beeintr\u00e4chtigen wird. Die Deaktivierung von Cookies f\u00fchrt in der Regel auch zur Deaktivierung bestimmter Funktionen und Merkmale dieser Website. Es wird daher empfohlen, Cookies nicht zu deaktivieren.  <\/p>\n\n<p><strong>Die von uns gesetzten Cookies<\/strong><\/p>\n\n<ul class=\"wp-block-list\">\n<li>Cookies f\u00fcr FormulareWenn Sie Daten \u00fcber ein Formular \u00fcbermitteln, z. B. auf Kontaktseiten oder in Kommentarformularen, k\u00f6nnen Cookies gesetzt werden, um Ihre Benutzerdaten f\u00fcr zuk\u00fcnftige Korrespondenz zu speichern.<\/li>\n<\/ul>\n\n<p><strong>Cookies von Dritten<\/strong><\/p>\n\n<p>In einigen besonderen F\u00e4llen verwenden wir auch Cookies, die von vertrauensw\u00fcrdigen Dritten bereitgestellt werden. Im folgenden Abschnitt wird beschrieben, welche Cookies von Dritten Sie auf dieser Website finden k\u00f6nnen.<\/p>\n\n<ul class=\"wp-block-list\">\n<li>Diese Website verwendet Google Analytics, eine der am weitesten verbreiteten und vertrauensw\u00fcrdigen Analysel\u00f6sungen im Internet, die uns hilft zu verstehen, wie Sie die Website nutzen und wie wir Ihre Erfahrung verbessern k\u00f6nnen. Diese Cookies k\u00f6nnen z. B. die Verweildauer auf der Website und die von Ihnen besuchten Seiten verfolgen, damit wir weiterhin ansprechende Inhalte erstellen k\u00f6nnen.<\/li>\n\n\n\n<li>Von Zeit zu Zeit testen wir neue Funktionen und nehmen geringf\u00fcgige \u00c4nderungen an der Art und Weise vor, wie die Website bereitgestellt wird. Wenn wir noch neue Funktionen testen, k\u00f6nnen diese Cookies verwendet werden, um sicherzustellen, dass Sie auf der Website ein einheitliches Erlebnis haben, und um zu verstehen, welche Optimierungen unsere Nutzer am meisten sch\u00e4tzen.<\/li>\n\n\n\n<li>Da wir Produkte verkaufen, ist es f\u00fcr uns wichtig, Statistiken dar\u00fcber zu erstellen, wie viele der Besucher unserer Website tats\u00e4chlich einen Kauf t\u00e4tigen. Das ist wichtig f\u00fcr Sie, denn es bedeutet, dass wir genaue Gesch\u00e4ftsprognosen erstellen k\u00f6nnen, die es uns erm\u00f6glichen, unsere Werbe- und Produktkosten zu \u00fcberwachen, um den bestm\u00f6glichen Preis zu gew\u00e4hrleisten.<\/li>\n\n\n\n<li>Wir verwenden auch Schaltfl\u00e4chen und\/oder Plugins f\u00fcr soziale Medien auf dieser Website, die es Ihnen erm\u00f6glichen, sich auf verschiedene Weise mit Ihrem sozialen Netzwerk zu verbinden. Damit diese funktionieren, setzen die folgenden Social-Media-Websites, einschlie\u00dflich {Listen Sie die sozialen Netzwerke auf, deren Funktionen Sie in Ihre Website integriert haben:12}, \u00fcber unsere Website Cookies, die dazu verwendet werden k\u00f6nnen, Ihr Profil auf ihrer Website zu verbessern oder zu den Daten beizutragen, die sie f\u00fcr verschiedene Zwecke speichern, die in ihren jeweiligen Datenschutzrichtlinien beschrieben sind.<\/li>\n<\/ul>\n\n<p><strong>Mehr Informationen<\/strong><\/p>\n\n<p>Wie bereits erw\u00e4hnt, ist es bei Dingen, bei denen Sie sich nicht sicher sind, ob Sie sie ben\u00f6tigen, in der Regel sicherer, die Cookies aktiviert zu lassen, f\u00fcr den Fall, dass sie mit einer der Funktionen, die Sie auf unserer Website nutzen, interagieren.<\/p>\n\n<p>F\u00fcr weitere allgemeine Informationen \u00fcber Cookies lesen Sie bitte den Artikel Cookies Policy.<\/p>\n\n<p>Wenn Sie jedoch noch weitere Informationen w\u00fcnschen, k\u00f6nnen Sie uns \u00fcber eine unserer bevorzugten Kontaktmethoden kontaktieren:<\/p>\n\n<ul class=\"wp-block-list\">\n<li>E-Mail: info@medicosmetica.com<\/li>\n<\/ul>\n","protected":false},"excerpt":{"rendered":"Dies ist die Cookie-Richtlinie f\u00fcr Medicosmetica.com, zug\u00e4nglich \u00fcber https:\/\/medicosmetica.com\/ Was sind Cookies? Wie bei fast allen professionellen Websites&hellip;\n","protected":false},"author":1,"featured_media":0,"parent":0,"menu_order":0,"comment_status":"closed","ping_status":"closed","template":"","meta":{"_seopress_robots_primary_cat":"","_seopress_titles_title":"","_seopress_titles_desc":"","_seopress_robots_index":"","footnotes":""},"class_list":{"0":"post-3784","1":"page","2":"type-page","3":"status-publish","5":"cs-entry","6":"cs-video-wrap"},"_links":{"self":[{"href":"https:\/\/medicosmetica.com\/de\/wp-json\/wp\/v2\/pages\/3784","targetHints":{"allow":["GET"]}}],"collection":[{"href":"https:\/\/medicosmetica.com\/de\/wp-json\/wp\/v2\/pages"}],"about":[{"href":"https:\/\/medicosmetica.com\/de\/wp-json\/wp\/v2\/types\/page"}],"author":[{"embeddable":true,"href":"https:\/\/medicosmetica.com\/de\/wp-json\/wp\/v2\/users\/1"}],"replies":[{"embeddable":true,"href":"https:\/\/medicosmetica.com\/de\/wp-json\/wp\/v2\/comments?post=3784"}],"version-history":[{"count":3,"href":"https:\/\/medicosmetica.com\/de\/wp-json\/wp\/v2\/pages\/3784\/revisions"}],"predecessor-version":[{"id":3789,"href":"https:\/\/medicosmetica.com\/de\/wp-json\/wp\/v2\/pages\/3784\/revisions\/3789"}],"wp:attachment":[{"href":"https:\/\/medicosmetica.com\/de\/wp-json\/wp\/v2\/media?parent=3784"}],"curies":[{"name":"wp","href":"https:\/\/api.w.org\/{rel}","templated":true}]}}