{"id":3786,"date":"2023-09-23T08:57:46","date_gmt":"2023-09-23T08:57:46","guid":{"rendered":"https:\/\/medicosmetica.com\/informativa-sui-cookie\/"},"modified":"2023-09-23T09:21:32","modified_gmt":"2023-09-23T09:21:32","slug":"informativa-sui-cookie","status":"publish","type":"page","link":"https:\/\/medicosmetica.com\/it\/informativa-sui-cookie\/","title":{"rendered":"Informativa sui cookie"},"content":{"rendered":"\n<p>Questa \u00e8 la Cookie Policy di Medicosmetica.com, accessibile da https:\/\/medicosmetica.com\/.<\/p>\n\n<p><strong>Cosa sono i cookie<\/strong><\/p>\n\n<p>Come \u00e8 prassi comune di quasi tutti i siti web professionali, questo sito utilizza i cookie, che sono piccoli file che vengono scaricati sul vostro computer, per migliorare la vostra esperienza. Questa pagina descrive quali informazioni raccolgono, come le utilizziamo e perch\u00e9 a volte abbiamo bisogno di memorizzare questi cookie. Vi comunicheremo anche come potete impedire la memorizzazione di questi cookie, ma questo potrebbe ridurre o &#8220;interrompere&#8221; alcuni elementi della funzionalit\u00e0 del sito.<\/p>\n\n<p><strong>Come utilizziamo i cookie<\/strong><\/p>\n\n<p>Utilizziamo i cookie per una serie di motivi illustrati di seguito. Purtroppo nella maggior parte dei casi non esistono opzioni standard del settore per disabilitare i cookie senza disattivare completamente le funzionalit\u00e0 e le caratteristiche che essi aggiungono a questo sito. Si consiglia di lasciare attivi tutti i cookie se non si \u00e8 sicuri di averne bisogno o meno, nel caso in cui vengano utilizzati per fornire un servizio che si utilizza.<\/p>\n\n<p><strong>Disabilitazione dei cookie<\/strong><\/p>\n\n<p>\u00c8 possibile impedire l&#8217;impostazione dei cookie modificando le impostazioni del browser (per informazioni su come farlo, consultare la Guida del browser). Tenete presente che la disabilitazione dei cookie influisce sulla funzionalit\u00e0 di questo e di molti altri siti web che visitate. La disabilitazione dei cookie di solito comporta anche la disabilitazione di alcune funzionalit\u00e0 e caratteristiche di questo sito. Si raccomanda pertanto di non disabilitare i cookie.  <\/p>\n\n<p><strong>I cookie che impostiamo<\/strong><\/p>\n\n<ul class=\"wp-block-list\">\n<li>Cookie relativi ai moduliQuando si inviano dati attraverso un modulo, come quelli presenti nelle pagine di contatto o nei moduli di commento, \u00e8 possibile che vengano impostati dei cookie per ricordare i dati dell&#8217;utente per la corrispondenza futura.<\/li>\n<\/ul>\n\n<p><strong>Cookie di terze parti<\/strong><\/p>\n\n<p>In alcuni casi particolari utilizziamo anche cookie forniti da terze parti fidate. La seguente sezione illustra in dettaglio i cookie di terze parti che potreste incontrare attraverso questo sito.<\/p>\n\n<ul class=\"wp-block-list\">\n<li>Questo sito utilizza Google Analytics, una delle soluzioni analitiche pi\u00f9 diffuse e affidabili del web, per aiutarci a capire come gli utenti utilizzano il sito e come possiamo migliorare la loro esperienza. Questi cookie possono tracciare elementi quali la durata della permanenza sul sito e le pagine visitate, in modo da poter continuare a produrre contenuti interessanti.Per ulteriori informazioni sui cookie di Google Analytics, consultare la pagina ufficiale di Google Analytics.<\/li>\n\n\n\n<li>Di tanto in tanto testiamo nuove funzionalit\u00e0 e apportiamo lievi modifiche al modo in cui il sito viene fornito. Quando stiamo ancora testando nuove funzionalit\u00e0, questi cookie possono essere utilizzati per garantire che l&#8217;utente riceva un&#8217;esperienza coerente durante la navigazione sul sito, assicurandoci di capire quali ottimizzazioni i nostri utenti apprezzano di pi\u00f9.<\/li>\n\n\n\n<li>Poich\u00e9 vendiamo prodotti, \u00e8 importante per noi capire le statistiche relative al numero di visitatori del nostro sito che effettivamente effettuano un acquisto e quindi questo \u00e8 il tipo di dati che questi cookie tracceranno. Questo \u00e8 importante per voi perch\u00e9 significa che possiamo fare previsioni commerciali accurate che ci permettono di monitorare i nostri costi pubblicitari e di prodotto per garantire il miglior prezzo possibile.<\/li>\n\n\n\n<li>Su questo sito utilizziamo anche pulsanti e\/o plugin per i social media che consentono all&#8217;utente di connettersi con i propri social network in vari modi. Per far s\u00ec che questi funzionino, i seguenti siti di social media, tra cui {elencare i social network di cui avete integrato le funzionalit\u00e0 con il vostro sito?:12}, imposteranno dei cookie attraverso il nostro sito che potrebbero essere utilizzati per migliorare il vostro profilo sul loro sito o contribuire ai dati in loro possesso per vari scopi descritti nelle rispettive politiche sulla privacy.<\/li>\n<\/ul>\n\n<p><strong>Ulteriori informazioni<\/strong><\/p>\n\n<p>Speriamo che questo vi abbia chiarito le idee e, come gi\u00e0 detto, se c&#8217;\u00e8 qualcosa di cui non siete sicuri di aver bisogno o meno, di solito \u00e8 pi\u00f9 sicuro lasciare i cookie abilitati nel caso in cui interagiscano con una delle funzioni utilizzate sul nostro sito.<\/p>\n\n<p>Per ulteriori informazioni generali sui cookie, leggere l&#8217;articolo sulla Politica sui cookie.<\/p>\n\n<p>Tuttavia, se siete ancora alla ricerca di ulteriori informazioni, potete contattarci attraverso uno dei nostri metodi di contatto preferiti:<\/p>\n\n<ul class=\"wp-block-list\">\n<li>Email: info@medicosmetica.com<\/li>\n<\/ul>\n","protected":false},"excerpt":{"rendered":"Questa \u00e8 la Cookie Policy di Medicosmetica.com, accessibile da https:\/\/medicosmetica.com\/. Cosa sono i cookie Come \u00e8 prassi comune&hellip;\n","protected":false},"author":1,"featured_media":0,"parent":0,"menu_order":0,"comment_status":"closed","ping_status":"closed","template":"","meta":{"_seopress_robots_primary_cat":"","_seopress_titles_title":"","_seopress_titles_desc":"","_seopress_robots_index":"","footnotes":""},"class_list":{"0":"post-3786","1":"page","2":"type-page","3":"status-publish","5":"cs-entry","6":"cs-video-wrap"},"_links":{"self":[{"href":"https:\/\/medicosmetica.com\/it\/wp-json\/wp\/v2\/pages\/3786","targetHints":{"allow":["GET"]}}],"collection":[{"href":"https:\/\/medicosmetica.com\/it\/wp-json\/wp\/v2\/pages"}],"about":[{"href":"https:\/\/medicosmetica.com\/it\/wp-json\/wp\/v2\/types\/page"}],"author":[{"embeddable":true,"href":"https:\/\/medicosmetica.com\/it\/wp-json\/wp\/v2\/users\/1"}],"replies":[{"embeddable":true,"href":"https:\/\/medicosmetica.com\/it\/wp-json\/wp\/v2\/comments?post=3786"}],"version-history":[{"count":3,"href":"https:\/\/medicosmetica.com\/it\/wp-json\/wp\/v2\/pages\/3786\/revisions"}],"predecessor-version":[{"id":3792,"href":"https:\/\/medicosmetica.com\/it\/wp-json\/wp\/v2\/pages\/3786\/revisions\/3792"}],"wp:attachment":[{"href":"https:\/\/medicosmetica.com\/it\/wp-json\/wp\/v2\/media?parent=3786"}],"curies":[{"name":"wp","href":"https:\/\/api.w.org\/{rel}","templated":true}]}}